{"id":16711,"date":"2024-04-19T16:42:08","date_gmt":"2024-04-19T13:42:08","guid":{"rendered":"https:\/\/www.istanbulaestheticcenter.com\/dhi-haartransplantation\/"},"modified":"2024-04-29T21:57:53","modified_gmt":"2024-04-29T18:57:53","slug":"dhi-haartransplantation","status":"publish","type":"page","link":"http:\/\/www.istanbulaestheticcenter.com\/de\/haartransplantation-2\/dhi-haartransplantation\/","title":{"rendered":"DHI-Haartransplantation"},"content":{"rendered":"\t\t<div data-elementor-type=\"wp-page\" data-elementor-id=\"16711\" class=\"elementor elementor-16711 elementor-13159\">\n\t\t\t\t<div class=\"elementor-element elementor-element-76cab1a e-grid e-con-boxed e-con e-parent\" data-id=\"76cab1a\" data-element_type=\"container\">\n\t\t\t\t\t<div class=\"e-con-inner\">\n\t\t\t\t<div class=\"elementor-element elementor-element-59a8eed elementor-widget elementor-widget-beforeafter\" data-id=\"59a8eed\" data-element_type=\"widget\" data-widget_type=\"beforeafter.default\">\n\t\t\t\t<div class=\"elementor-widget-container\">\n\t\t\t\t\t\n\n<style>\n  \n#nd_elements_beforeafter_component_715 img { float:left; width:100%; }\n\n#nd_elements_beforeafter_component_715 { \nfloat: left;\nwidth: 100% !important;\nmargin: 0px !important;\npadding: 0px !important;\nposition: relative;\n}\n\n#nd_elements_beforeafter_component_715 .ui-slider-range {\nbackground-image: url(\"http:\/\/www.istanbulaestheticcenter.com\/wp-content\/uploads\/2024\/04\/hair-male-before-v4.jpg\");\nbackground-color: #000;\nz-index: 9;\nposition: absolute;\nheight: 100%;\nbackground-repeat: no-repeat;\nbackground-size: cover;\n}\n\n#nd_elements_beforeafter_component_715 .ui-slider-handle {\nbackground-color: #000;\nwidth: 4px;\nposition: absolute;\nheight: 100%;\noutline: 0px;\ncursor: ew-resize;  \n}\n\n#nd_elements_beforeafter_component_715 .ui-slider-handle:after {\ncontent: \"\";\nwidth: 40px;\nheight: 40px;\nbackground-color: #ccc;\nposition: absolute;\ntop: 50%;\nmargin-top: -20px;\nmargin-left: -18px;\nz-index: 9;\nborder-radius: 100%;\nbackground-image:url(\"http:\/\/www.istanbulaestheticcenter.com\/wp-content\/uploads\/2022\/09\/arrows.png\");\nbackground-size: 30px;\nbackground-position: center;\nbackground-repeat: no-repeat;\n}\n\n<\/style>\n\n\n<script>\njQuery( function() {\n\njQuery( \"#nd_elements_beforeafter_component_715\" ).slider({\n  value: 50,\n  orientation: \"horizontal\",\n  range: \"min\",\n  animate: true\n});\n\n} );\n<\/script>\n\n\n<div class=\"nd_elements_section nd_elements_beforeafter_component\">\n\n\t<div class=\"nd_elements_section\">\n\t\t<div id=\"nd_elements_beforeafter_component_715\">\n\t\t\t<img decoding=\"async\" src=\"http:\/\/www.istanbulaestheticcenter.com\/wp-content\/uploads\/2024\/04\/hair-male-after-v4.jpg\">\n\t\t<\/div>\n\t<\/div>\n\t\n<\/div>\t\t\t\t<\/div>\n\t\t\t\t<\/div>\n\t\t\t\t<div class=\"elementor-element elementor-element-552775d elementor-widget elementor-widget-beforeafter\" data-id=\"552775d\" data-element_type=\"widget\" data-widget_type=\"beforeafter.default\">\n\t\t\t\t<div class=\"elementor-widget-container\">\n\t\t\t\t\t\n\n<style>\n  \n#nd_elements_beforeafter_component_798 img { float:left; width:100%; }\n\n#nd_elements_beforeafter_component_798 { \nfloat: left;\nwidth: 100% !important;\nmargin: 0px !important;\npadding: 0px !important;\nposition: relative;\n}\n\n#nd_elements_beforeafter_component_798 .ui-slider-range {\nbackground-image: url(\"http:\/\/www.istanbulaestheticcenter.com\/wp-content\/uploads\/2024\/04\/hair-male-before-v5.jpg\");\nbackground-color: #000;\nz-index: 9;\nposition: absolute;\nheight: 100%;\nbackground-repeat: no-repeat;\nbackground-size: cover;\n}\n\n#nd_elements_beforeafter_component_798 .ui-slider-handle {\nbackground-color: #000;\nwidth: 4px;\nposition: absolute;\nheight: 100%;\noutline: 0px;\ncursor: ew-resize;  \n}\n\n#nd_elements_beforeafter_component_798 .ui-slider-handle:after {\ncontent: \"\";\nwidth: 40px;\nheight: 40px;\nbackground-color: #ccc;\nposition: absolute;\ntop: 50%;\nmargin-top: -20px;\nmargin-left: -18px;\nz-index: 9;\nborder-radius: 100%;\nbackground-image:url(\"http:\/\/www.istanbulaestheticcenter.com\/wp-content\/uploads\/2022\/09\/arrows.png\");\nbackground-size: 30px;\nbackground-position: center;\nbackground-repeat: no-repeat;\n}\n\n<\/style>\n\n\n<script>\njQuery( function() {\n\njQuery( \"#nd_elements_beforeafter_component_798\" ).slider({\n  value: 50,\n  orientation: \"horizontal\",\n  range: \"min\",\n  animate: true\n});\n\n} );\n<\/script>\n\n\n<div class=\"nd_elements_section nd_elements_beforeafter_component\">\n\n\t<div class=\"nd_elements_section\">\n\t\t<div id=\"nd_elements_beforeafter_component_798\">\n\t\t\t<img decoding=\"async\" src=\"http:\/\/www.istanbulaestheticcenter.com\/wp-content\/uploads\/2024\/04\/hair-male-after-v5.jpg\">\n\t\t<\/div>\n\t<\/div>\n\t\n<\/div>\t\t\t\t<\/div>\n\t\t\t\t<\/div>\n\t\t\t\t\t<\/div>\n\t\t\t\t<\/div>\n\t\t<div class=\"elementor-element elementor-element-cbc25af e-flex e-con-boxed e-con e-parent\" data-id=\"cbc25af\" data-element_type=\"container\">\n\t\t\t\t\t<div class=\"e-con-inner\">\n\t\t<div class=\"elementor-element elementor-element-ecadbfc e-flex e-con-boxed e-con e-child\" data-id=\"ecadbfc\" data-element_type=\"container\">\n\t\t\t\t\t<div class=\"e-con-inner\">\n\t\t\t\t<div class=\"elementor-element elementor-element-cdabcd8 elementor-widget elementor-widget-heading\" data-id=\"cdabcd8\" data-element_type=\"widget\" data-widget_type=\"heading.default\">\n\t\t\t\t<div class=\"elementor-widget-container\">\n\t\t\t\t\t<h2 class=\"elementor-heading-title elementor-size-default\">DHI-Haartransplantation<\/h2>\t\t\t\t<\/div>\n\t\t\t\t<\/div>\n\t\t\t\t\t<\/div>\n\t\t\t\t<\/div>\n\t\t\t\t\t<\/div>\n\t\t\t\t<\/div>\n\t\t<div class=\"elementor-element elementor-element-02db0e2 e-flex e-con-boxed e-con e-parent\" data-id=\"02db0e2\" data-element_type=\"container\">\n\t\t\t\t\t<div class=\"e-con-inner\">\n\t\t\t\t<div class=\"elementor-element elementor-element-4b6ee33 elementor-widget elementor-widget-text-editor\" data-id=\"4b6ee33\" data-element_type=\"widget\" data-widget_type=\"text-editor.default\">\n\t\t\t\t<div class=\"elementor-widget-container\">\n\t\t\t\t\t\t\t\t\t<p>Die direkte Haarimplantation (DHI) ist eine weitere Methode der Haartransplantation, die der FUE \u00e4hnelt, aber einige bemerkenswerte Unterschiede in der Technik aufweist.<\/p>\n\t\t\t\t\t\t\t\t<\/div>\n\t\t\t\t<\/div>\n\t\t\t\t\t<\/div>\n\t\t\t\t<\/div>\n\t\t<div class=\"elementor-element elementor-element-a93cd01 e-grid e-con-boxed e-con e-parent\" data-id=\"a93cd01\" data-element_type=\"container\">\n\t\t\t\t\t<div class=\"e-con-inner\">\n\t\t\t\t<div class=\"elementor-element elementor-element-2734692 elementor-widget elementor-widget-text-editor\" data-id=\"2734692\" data-element_type=\"widget\" data-widget_type=\"text-editor.default\">\n\t\t\t\t<div class=\"elementor-widget-container\">\n\t\t\t\t\t\t\t\t\t<p>Bei der DHI umfasst der Prozess folgende Schritte:<\/p>\n<ol>\n<li>\n<p><strong>Entnahme<\/strong>: Wie bei der FUE werden einzelne Haarfollikel aus dem Spenderbereich der Kopfhaut entnommen, in der Regel am R\u00fccken oder an den Seiten.<\/p>\n<\/li>\n<li>\n<p><strong>Implantation<\/strong>: Bei der DHI unterscheidet sich jedoch der Implantationsprozess. Anstatt vor der Implantation der Follikel Empf\u00e4ngerstellen in der Kopfhaut zu schaffen, wird bei der DHI ein spezielles Werkzeug verwendet, der Choi-Implantierstift. Dieser Stift verf\u00fcgt \u00fcber eine Hohlnadel, mit der gleichzeitig die Empf\u00e4ngerstelle geschaffen und der entnommene Haarfollikel in die Kopfhaut eingesetzt wird.<\/p>\n<\/li>\n<li>\n<p><strong>Keine Schnitte erforderlich:<\/strong> Anders als bei der FUE, bei der die Empf\u00e4ngerstellen vor der Transplantation angelegt werden, werden bei der DHI die Haare direkt implantiert, ohne dass vorher Einschnitte vorgenommen werden m\u00fcssen. Dies kann zu k\u00fcrzeren Heilungszeiten und einer geringeren Traumatisierung der Kopfhaut f\u00fchren.<\/p>\n<\/li>\n<\/ol>\n\t\t\t\t\t\t\t\t<\/div>\n\t\t\t\t<\/div>\n\t\t\t\t<div class=\"elementor-element elementor-element-80056e6 elementor-widget elementor-widget-image\" data-id=\"80056e6\" data-element_type=\"widget\" data-widget_type=\"image.default\">\n\t\t\t\t<div class=\"elementor-widget-container\">\n\t\t\t\t\t\t\t\t\t\t\t\t\t\t\t<img fetchpriority=\"high\" decoding=\"async\" width=\"768\" height=\"768\" src=\"http:\/\/www.istanbulaestheticcenter.com\/wp-content\/uploads\/2024\/04\/DHI-hair-768x768.jpg\" class=\"attachment-medium_large size-medium_large wp-image-15845\" alt=\"\" srcset=\"http:\/\/www.istanbulaestheticcenter.com\/wp-content\/uploads\/2024\/04\/DHI-hair-768x768.jpg 768w, http:\/\/www.istanbulaestheticcenter.com\/wp-content\/uploads\/2024\/04\/DHI-hair-300x300.jpg 300w, http:\/\/www.istanbulaestheticcenter.com\/wp-content\/uploads\/2024\/04\/DHI-hair-150x150.jpg 150w, http:\/\/www.istanbulaestheticcenter.com\/wp-content\/uploads\/2024\/04\/DHI-hair-720x720.jpg 720w, http:\/\/www.istanbulaestheticcenter.com\/wp-content\/uploads\/2024\/04\/DHI-hair.jpg 1024w\" sizes=\"(max-width: 768px) 100vw, 768px\" \/>\t\t\t\t\t\t\t\t\t\t\t\t\t\t\t<\/div>\n\t\t\t\t<\/div>\n\t\t\t\t\t<\/div>\n\t\t\t\t<\/div>\n\t\t<div class=\"elementor-element elementor-element-1a663d2 e-grid e-con-boxed e-con e-parent\" data-id=\"1a663d2\" data-element_type=\"container\">\n\t\t\t\t\t<div class=\"e-con-inner\">\n\t\t<div class=\"elementor-element elementor-element-6bb1eee e-grid e-con-boxed e-con e-child\" data-id=\"6bb1eee\" data-element_type=\"container\">\n\t\t\t\t\t<div class=\"e-con-inner\">\n\t\t\t\t<div class=\"elementor-element elementor-element-dd72775 elementor-widget elementor-widget-text-editor\" data-id=\"dd72775\" data-element_type=\"widget\" data-widget_type=\"text-editor.default\">\n\t\t\t\t<div class=\"elementor-widget-container\">\n\t\t\t\t\t\t\t\t\t<p>Die DHI wird h\u00e4ufig als fortschrittlichere und pr\u00e4zisere Technik im Vergleich zur traditionellen FUE vermarktet. Zu den angeblichen Vorteilen der DHI geh\u00f6ren:<\/p>\n<ul>\n<li>\n<p><strong>H\u00f6here \u00dcberlebensrate des Transplantats<\/strong>: Bef\u00fcrworter der DHI behaupten, dass der Choi-Implantierstift eine bessere Kontrolle \u00fcber den Winkel, die Richtung und die Tiefe der implantierten Follikel erm\u00f6glicht, was m\u00f6glicherweise zu einer h\u00f6heren \u00dcberlebensrate der transplantierten Haare f\u00fchrt.<\/p>\n<\/li>\n<li>\n<p><strong>Nat\u00fcrliche Ergebnisse<\/strong>: Da die Implantation mit dem Choi-Implantierstift pr\u00e4zise durchgef\u00fchrt wird, argumentieren die Bef\u00fcrworter, dass die Ergebnisse der DHI nat\u00fcrlicher aussehen k\u00f6nnen.<\/p>\n<\/li>\n<li>\n<p><strong>Schnellere Heilung<\/strong>: Bef\u00fcrworter der Direktimplantationsmethode behaupten, dass die Heilungszeit im Vergleich zur herk\u00f6mmlichen FUE schneller sein kann.<\/p>\n<\/li>\n<\/ul>\n\t\t\t\t\t\t\t\t<\/div>\n\t\t\t\t<\/div>\n\t\t\t\t\t<\/div>\n\t\t\t\t<\/div>\n\t\t\t\t<div class=\"elementor-element elementor-element-a531e5f elementor-widget elementor-widget-text-editor\" data-id=\"a531e5f\" data-element_type=\"widget\" data-widget_type=\"text-editor.default\">\n\t\t\t\t<div class=\"elementor-widget-container\">\n\t\t\t\t\t\t\t\t\t<p>Es ist jedoch wichtig, sich an einen qualifizierten und erfahrenen Chirurgen zu wenden, der auf DHI-Verfahren spezialisiert ist, um das bestm\u00f6gliche Ergebnis zu erzielen. Eine Behandlung in einer renommierten Einrichtung mit einer Erfolgsbilanz erfolgreicher DHI-Operationen, wie dem <strong>Istanbul Aesthetic Center (IAC)<\/strong>, kann zus\u00e4tzliche Sicherheit und Gewissheit bieten.<\/p>\n\t\t\t\t\t\t\t\t<\/div>\n\t\t\t\t<\/div>\n\t\t\t\t\t<\/div>\n\t\t\t\t<\/div>\n\t\t\t\t<\/div>\n\t\t","protected":false},"excerpt":{"rendered":"<p>DHI-Haartransplantation Die direkte Haarimplantation (DHI) ist eine weitere Methode der Haartransplantation, die der FUE \u00e4hnelt, aber einige bemerkenswerte Unterschiede in der Technik aufweist. Bei der DHI umfasst der Prozess folgende Schritte: Entnahme: Wie bei der FUE werden einzelne Haarfollikel aus dem Spenderbereich der Kopfhaut entnommen, in der Regel am R\u00fccken oder an den Seiten. Implantation: [&hellip;]<\/p>\n","protected":false},"author":1,"featured_media":0,"parent":16950,"menu_order":0,"comment_status":"closed","ping_status":"closed","template":"","meta":{"_themeisle_gutenberg_block_has_review":false,"footnotes":""},"class_list":["post-16711","page","type-page","status-publish","hentry"],"_links":{"self":[{"href":"http:\/\/www.istanbulaestheticcenter.com\/de\/wp-json\/wp\/v2\/pages\/16711","targetHints":{"allow":["GET"]}}],"collection":[{"href":"http:\/\/www.istanbulaestheticcenter.com\/de\/wp-json\/wp\/v2\/pages"}],"about":[{"href":"http:\/\/www.istanbulaestheticcenter.com\/de\/wp-json\/wp\/v2\/types\/page"}],"author":[{"embeddable":true,"href":"http:\/\/www.istanbulaestheticcenter.com\/de\/wp-json\/wp\/v2\/users\/1"}],"replies":[{"embeddable":true,"href":"http:\/\/www.istanbulaestheticcenter.com\/de\/wp-json\/wp\/v2\/comments?post=16711"}],"version-history":[{"count":1,"href":"http:\/\/www.istanbulaestheticcenter.com\/de\/wp-json\/wp\/v2\/pages\/16711\/revisions"}],"predecessor-version":[{"id":16712,"href":"http:\/\/www.istanbulaestheticcenter.com\/de\/wp-json\/wp\/v2\/pages\/16711\/revisions\/16712"}],"up":[{"embeddable":true,"href":"http:\/\/www.istanbulaestheticcenter.com\/de\/wp-json\/wp\/v2\/pages\/16950"}],"wp:attachment":[{"href":"http:\/\/www.istanbulaestheticcenter.com\/de\/wp-json\/wp\/v2\/media?parent=16711"}],"curies":[{"name":"wp","href":"https:\/\/api.w.org\/{rel}","templated":true}]}}