{"id":16651,"date":"2024-04-20T16:48:24","date_gmt":"2024-04-20T13:48:24","guid":{"rendered":"https:\/\/www.istanbulaestheticcenter.com\/genitalchirurgie-fuer-maenner\/"},"modified":"2024-04-29T12:23:07","modified_gmt":"2024-04-29T09:23:07","slug":"genitalchirurgie-fuer-maenner","status":"publish","type":"page","link":"http:\/\/www.istanbulaestheticcenter.com\/de\/koerperaesthetik\/genitalchirurgie-fuer-maenner\/","title":{"rendered":"Genitalchirurgie f\u00fcr M\u00e4nner"},"content":{"rendered":"\t\t<div data-elementor-type=\"wp-page\" data-elementor-id=\"16651\" class=\"elementor elementor-16651 elementor-13380\">\n\t\t\t\t<div class=\"elementor-element elementor-element-e9f0f8c e-flex e-con-boxed e-con e-parent\" data-id=\"e9f0f8c\" data-element_type=\"container\">\n\t\t\t\t\t<div class=\"e-con-inner\">\n\t\t<div class=\"elementor-element elementor-element-b0db3b0 e-flex e-con-boxed e-con e-child\" data-id=\"b0db3b0\" data-element_type=\"container\">\n\t\t\t\t\t<div class=\"e-con-inner\">\n\t\t\t\t<div class=\"elementor-element elementor-element-804ecd2 elementor-widget elementor-widget-image\" data-id=\"804ecd2\" data-element_type=\"widget\" data-widget_type=\"image.default\">\n\t\t\t\t<div class=\"elementor-widget-container\">\n\t\t\t\t\t\t\t\t\t\t\t\t\t\t\t<img fetchpriority=\"high\" decoding=\"async\" width=\"1024\" height=\"525\" src=\"http:\/\/www.istanbulaestheticcenter.com\/wp-content\/uploads\/2024\/04\/genital-surgery-for-men-1024x525.jpg\" class=\"attachment-large size-large wp-image-15978\" alt=\"\" srcset=\"http:\/\/www.istanbulaestheticcenter.com\/wp-content\/uploads\/2024\/04\/genital-surgery-for-men-1024x525.jpg 1024w, http:\/\/www.istanbulaestheticcenter.com\/wp-content\/uploads\/2024\/04\/genital-surgery-for-men-300x154.jpg 300w, http:\/\/www.istanbulaestheticcenter.com\/wp-content\/uploads\/2024\/04\/genital-surgery-for-men-768x394.jpg 768w, http:\/\/www.istanbulaestheticcenter.com\/wp-content\/uploads\/2024\/04\/genital-surgery-for-men-1000x513.jpg 1000w, http:\/\/www.istanbulaestheticcenter.com\/wp-content\/uploads\/2024\/04\/genital-surgery-for-men-1110x570.jpg 1110w, http:\/\/www.istanbulaestheticcenter.com\/wp-content\/uploads\/2024\/04\/genital-surgery-for-men.jpg 1120w\" sizes=\"(max-width: 1024px) 100vw, 1024px\" \/>\t\t\t\t\t\t\t\t\t\t\t\t\t\t\t<\/div>\n\t\t\t\t<\/div>\n\t\t\t\t\t<\/div>\n\t\t\t\t<\/div>\n\t\t\t\t\t<\/div>\n\t\t\t\t<\/div>\n\t\t<div class=\"elementor-element elementor-element-3f7c041 e-flex e-con-boxed e-con e-parent\" data-id=\"3f7c041\" data-element_type=\"container\">\n\t\t\t\t\t<div class=\"e-con-inner\">\n\t\t<div class=\"elementor-element elementor-element-50bb1f7 e-con-full e-flex e-con e-child\" data-id=\"50bb1f7\" data-element_type=\"container\">\n\t\t\t\t<div class=\"elementor-element elementor-element-1fc6a50 elementor-widget elementor-widget-heading\" data-id=\"1fc6a50\" data-element_type=\"widget\" data-widget_type=\"heading.default\">\n\t\t\t\t<div class=\"elementor-widget-container\">\n\t\t\t\t\t<h2 class=\"elementor-heading-title elementor-size-default\">Was ist Genitalchirurgie f\u00fcr M\u00e4nner?<\/h2>\t\t\t\t<\/div>\n\t\t\t\t<\/div>\n\t\t\t\t<div class=\"elementor-element elementor-element-a63c1e5 elementor-widget elementor-widget-text-editor\" data-id=\"a63c1e5\" data-element_type=\"widget\" data-widget_type=\"text-editor.default\">\n\t\t\t\t<div class=\"elementor-widget-container\">\n\t\t\t\t\t\t\t\t\t<p>Die \u00e4sthetische Genitalchirurgie f\u00fcr M\u00e4nner, auch kosmetische Genitalchirurgie oder Genitalverj\u00fcngung genannt, umfasst verschiedene chirurgische Verfahren zur Verbesserung des Aussehens und der Funktion der m\u00e4nnlichen Genitalien. Diese Eingriffe werden in der Regel von qualifizierten Urologen, plastischen Chirurgen oder spezialisierten Genitalchirurgen durchgef\u00fchrt und k\u00f6nnen \u00e4sthetische Bedenken, funktionelle Probleme oder medizinische Erkrankungen behandeln.<\/p>\n<p>Im Folgenden finden Sie einige g\u00e4ngige Arten von genital\u00e4sthetischen Eingriffen f\u00fcr M\u00e4nner:<\/p>\n<ol>\n<li>\n<p><strong>Penisvergr\u00f6\u00dferung<\/strong>: Penisvergr\u00f6\u00dferungen zielen darauf ab, die L\u00e4nge oder den Umfang des Penis zu vergr\u00f6\u00dfern. Zu den Techniken geh\u00f6ren die Penisverl\u00e4ngerung, bei der die B\u00e4nder, die den Penis am Schambein befestigen, gel\u00f6st werden, damit mehr vom Penisschaft sichtbar wird, oder die Penisvergr\u00f6\u00dferung, bei der Fett, Dermalf\u00fcller oder Gewebetransplantate in den Penis injiziert werden, um seinen Umfang zu vergr\u00f6\u00dfern.<\/p>\n<\/li>\n<li>\n<p><strong>Penisprothesen-Implantation<\/strong>: Bei der Penisprothesenimplantation handelt es sich um einen chirurgischen Eingriff zur Behandlung von Erektionsst\u00f6rungen, bei dem eine Vorrichtung in den Penis implantiert wird, die eine Erektion auf Abruf erm\u00f6glicht. Es gibt verschiedene Arten von Penisimplantaten, darunter aufblasbare Implantate und verformbare Implantate, die jeweils einzigartige Vorteile und \u00dcberlegungen bieten.<\/p>\n<\/li>\n<li>\n<p><strong>Vergr\u00f6\u00dferung des Hodensacks:<\/strong> Verfahren zur Hodensackvergr\u00f6\u00dferung zielen darauf ab, das Erscheinungsbild des Hodensacks durch Vergr\u00f6\u00dferung oder Verbesserung seiner Form zu verbessern. Zu den Techniken geh\u00f6ren die Skrotalvergr\u00f6\u00dferung mit injizierbaren F\u00fcllstoffen oder Implantaten oder die Skrotoplastik, bei der die Skrotalhaut neu geformt wird, um ein glatteres, symmetrischeres Aussehen zu erzielen.<\/p>\n<\/li>\n<li>\n<p><strong>Hodenimplantate<\/strong>: Hodenimplantate sind Prothesen, die fehlende oder unterentwickelte Hoden ersetzen sollen. Sie bestehen in der Regel aus Silikon oder anderen biokompatiblen Materialien und werden chirurgisch in den Hodensack implantiert, um das Aussehen der Hoden wiederherzustellen und das Selbstwertgef\u00fchl zu verbessern.<\/p>\n<\/li>\n<li>\n<p><strong>Beschneidungsrevision<\/strong>: Revisionen von Beschneidungen zielen darauf ab, Komplikationen oder unbefriedigende Ergebnisse von fr\u00fcheren Beschneidungen zu korrigieren. Dabei kann es sich um die Entfernung \u00fcbersch\u00fcssiger oder ungleichm\u00e4\u00dfiger Vorhaut, die Korrektur von Narben oder Asymmetrien oder die Wiederherstellung des Aussehens der Penisvorhaut handeln.<\/p>\n<\/li>\n<li>\n<p><strong>Schamlippenstraffung<\/strong>: Die Schamlippenstraffung, auch Monsplastik genannt, zielt darauf ab, die Gr\u00f6\u00dfe oder das Hervortreten des Schamh\u00fcgels, des Fettgewebes \u00fcber dem Schambein, zu verringern. Dieser Eingriff kann dazu beitragen, das \u00e4sthetische Erscheinungsbild des Genitalbereichs zu verbessern und das sexuelle Selbstbewusstsein zu st\u00e4rken.<\/p>\n<\/li>\n<\/ol>\n\t\t\t\t\t\t\t\t<\/div>\n\t\t\t\t<\/div>\n\t\t\t\t<\/div>\n\t\t<div class=\"elementor-element elementor-element-1cd2b8e e-con-full e-flex e-con e-child\" data-id=\"1cd2b8e\" data-element_type=\"container\">\n\t\t\t\t<div class=\"elementor-element elementor-element-78e9b65 elementor-widget elementor-widget-text-editor\" data-id=\"78e9b65\" data-element_type=\"widget\" data-widget_type=\"text-editor.default\">\n\t\t\t\t<div class=\"elementor-widget-container\">\n\t\t\t\t\t\t\t\t\t<p>Es ist wichtig, dass Sie sich mit einem qualifizierten und erfahrenen Chirurgen beraten, der auf \u00e4sthetische Genitaloperationen bei M\u00e4nnern spezialisiert ist, um Ihre Anliegen, Ziele und Behandlungsm\u00f6glichkeiten zu besprechen. Der Chirurg wird Ihre individuelle Anatomie und Ihre Krankengeschichte untersuchen, um Ihnen die f\u00fcr Ihre Bed\u00fcrfnisse am besten geeignete(n) Behandlung(en) zu empfehlen und das bestm\u00f6gliche Ergebnis zu gew\u00e4hrleisten. Dar\u00fcber hinaus k\u00f6nnen seri\u00f6se Einrichtungen mit Erfahrung in der Genitalchirurgie, wie das <strong>Istanbul Aesthetic Center (IAC)<\/strong>, zus\u00e4tzliche Sicherheit und Ruhe auf Ihrem Weg zur Verj\u00fcngung und Verbesserung der Genitalien bieten.<\/p>\n\t\t\t\t\t\t\t\t<\/div>\n\t\t\t\t<\/div>\n\t\t\t\t<div class=\"elementor-element elementor-element-9d83911 elementor-widget elementor-widget-accordion\" data-id=\"9d83911\" data-element_type=\"widget\" data-widget_type=\"accordion.default\">\n\t\t\t\t<div class=\"elementor-widget-container\">\n\t\t\t\t\t\t\t<div class=\"elementor-accordion\">\n\t\t\t\t\t\t\t<div class=\"elementor-accordion-item\">\n\t\t\t\t\t<div id=\"elementor-tab-title-1651\" class=\"elementor-tab-title\" data-tab=\"1\" role=\"button\" aria-controls=\"elementor-tab-content-1651\" aria-expanded=\"false\">\n\t\t\t\t\t\t\t\t\t\t\t\t\t<span class=\"elementor-accordion-icon elementor-accordion-icon-left\" aria-hidden=\"true\">\n\t\t\t\t\t\t\t\t\t\t\t\t\t\t\t<span class=\"elementor-accordion-icon-closed\"><svg class=\"e-font-icon-svg e-fas-plus\" viewBox=\"0 0 448 512\" xmlns=\"http:\/\/www.w3.org\/2000\/svg\"><path d=\"M416 208H272V64c0-17.67-14.33-32-32-32h-32c-17.67 0-32 14.33-32 32v144H32c-17.67 0-32 14.33-32 32v32c0 17.67 14.33 32 32 32h144v144c0 17.67 14.33 32 32 32h32c17.67 0 32-14.33 32-32V304h144c17.67 0 32-14.33 32-32v-32c0-17.67-14.33-32-32-32z\"><\/path><\/svg><\/span>\n\t\t\t\t\t\t\t\t<span class=\"elementor-accordion-icon-opened\"><svg class=\"e-font-icon-svg e-fas-minus\" viewBox=\"0 0 448 512\" xmlns=\"http:\/\/www.w3.org\/2000\/svg\"><path d=\"M416 208H32c-17.67 0-32 14.33-32 32v32c0 17.67 14.33 32 32 32h384c17.67 0 32-14.33 32-32v-32c0-17.67-14.33-32-32-32z\"><\/path><\/svg><\/span>\n\t\t\t\t\t\t\t\t\t\t\t\t\t\t<\/span>\n\t\t\t\t\t\t\t\t\t\t\t\t<a class=\"elementor-accordion-title\" tabindex=\"0\">Sollte ich mich einer Genitaloperation f\u00fcr M\u00e4nner unterziehen?<\/a>\n\t\t\t\t\t<\/div>\n\t\t\t\t\t<div id=\"elementor-tab-content-1651\" class=\"elementor-tab-content elementor-clearfix\" data-tab=\"1\" role=\"region\" aria-labelledby=\"elementor-tab-title-1651\"><p>Wenn Sie einen Mangel an Selbstvertrauen versp\u00fcren und visuelle Probleme haben, JA, dann sollten Sie sich einer \u201eGenital-\u00c4sthetik-Operation\u201c unterziehen.<\/p>\n<\/div>\n\t\t\t\t<\/div>\n\t\t\t\t\t\t\t<div class=\"elementor-accordion-item\">\n\t\t\t\t\t<div id=\"elementor-tab-title-1652\" class=\"elementor-tab-title\" data-tab=\"2\" role=\"button\" aria-controls=\"elementor-tab-content-1652\" aria-expanded=\"false\">\n\t\t\t\t\t\t\t\t\t\t\t\t\t<span class=\"elementor-accordion-icon elementor-accordion-icon-left\" aria-hidden=\"true\">\n\t\t\t\t\t\t\t\t\t\t\t\t\t\t\t<span class=\"elementor-accordion-icon-closed\"><svg class=\"e-font-icon-svg e-fas-plus\" viewBox=\"0 0 448 512\" xmlns=\"http:\/\/www.w3.org\/2000\/svg\"><path d=\"M416 208H272V64c0-17.67-14.33-32-32-32h-32c-17.67 0-32 14.33-32 32v144H32c-17.67 0-32 14.33-32 32v32c0 17.67 14.33 32 32 32h144v144c0 17.67 14.33 32 32 32h32c17.67 0 32-14.33 32-32V304h144c17.67 0 32-14.33 32-32v-32c0-17.67-14.33-32-32-32z\"><\/path><\/svg><\/span>\n\t\t\t\t\t\t\t\t<span class=\"elementor-accordion-icon-opened\"><svg class=\"e-font-icon-svg e-fas-minus\" viewBox=\"0 0 448 512\" xmlns=\"http:\/\/www.w3.org\/2000\/svg\"><path d=\"M416 208H32c-17.67 0-32 14.33-32 32v32c0 17.67 14.33 32 32 32h384c17.67 0 32-14.33 32-32v-32c0-17.67-14.33-32-32-32z\"><\/path><\/svg><\/span>\n\t\t\t\t\t\t\t\t\t\t\t\t\t\t<\/span>\n\t\t\t\t\t\t\t\t\t\t\t\t<a class=\"elementor-accordion-title\" tabindex=\"0\">Was sollte vor der Operation beachtet werden?<\/a>\n\t\t\t\t\t<\/div>\n\t\t\t\t\t<div id=\"elementor-tab-content-1652\" class=\"elementor-tab-content elementor-clearfix\" data-tab=\"2\" role=\"region\" aria-labelledby=\"elementor-tab-title-1652\"><p>Sie sollten Ihrem Arzt alle Ihre Erwartungen und Bedenken mitteilen. W\u00e4hrend der Untersuchung sollten Sie alle Fragen zu Ihrem allgemeinen Gesundheitszustand ausf\u00fchrlich beantworten und Ihren Arzt \u00fcber Ihre fr\u00fcheren Krankheiten und die Medikamente, die Sie einnahmen und einnehmen, informieren.<\/p>\n<\/div>\n\t\t\t\t<\/div>\n\t\t\t\t\t\t\t<div class=\"elementor-accordion-item\">\n\t\t\t\t\t<div id=\"elementor-tab-title-1653\" class=\"elementor-tab-title\" data-tab=\"3\" role=\"button\" aria-controls=\"elementor-tab-content-1653\" aria-expanded=\"false\">\n\t\t\t\t\t\t\t\t\t\t\t\t\t<span class=\"elementor-accordion-icon elementor-accordion-icon-left\" aria-hidden=\"true\">\n\t\t\t\t\t\t\t\t\t\t\t\t\t\t\t<span class=\"elementor-accordion-icon-closed\"><svg class=\"e-font-icon-svg e-fas-plus\" viewBox=\"0 0 448 512\" xmlns=\"http:\/\/www.w3.org\/2000\/svg\"><path d=\"M416 208H272V64c0-17.67-14.33-32-32-32h-32c-17.67 0-32 14.33-32 32v144H32c-17.67 0-32 14.33-32 32v32c0 17.67 14.33 32 32 32h144v144c0 17.67 14.33 32 32 32h32c17.67 0 32-14.33 32-32V304h144c17.67 0 32-14.33 32-32v-32c0-17.67-14.33-32-32-32z\"><\/path><\/svg><\/span>\n\t\t\t\t\t\t\t\t<span class=\"elementor-accordion-icon-opened\"><svg class=\"e-font-icon-svg e-fas-minus\" viewBox=\"0 0 448 512\" xmlns=\"http:\/\/www.w3.org\/2000\/svg\"><path d=\"M416 208H32c-17.67 0-32 14.33-32 32v32c0 17.67 14.33 32 32 32h384c17.67 0 32-14.33 32-32v-32c0-17.67-14.33-32-32-32z\"><\/path><\/svg><\/span>\n\t\t\t\t\t\t\t\t\t\t\t\t\t\t<\/span>\n\t\t\t\t\t\t\t\t\t\t\t\t<a class=\"elementor-accordion-title\" tabindex=\"0\">Wie wird die Operation ablaufen?<\/a>\n\t\t\t\t\t<\/div>\n\t\t\t\t\t<div id=\"elementor-tab-content-1653\" class=\"elementor-tab-content elementor-clearfix\" data-tab=\"3\" role=\"region\" aria-labelledby=\"elementor-tab-title-1653\"><p>Die Operation wird in unserem Krankenhaus unter Vollnarkose durchgef\u00fchrt. Die ungef\u00e4hre Dauer des Eingriffs liegt zwischen 1-1,5 Stunden. Je nach Art der Anwendung k\u00f6nnen Sie innerhalb von 1-2 Stunden entlassen werden oder m\u00fcssen \u00fcber Nacht im Krankenhaus bleiben.<\/p>\n<\/div>\n\t\t\t\t<\/div>\n\t\t\t\t\t\t\t<div class=\"elementor-accordion-item\">\n\t\t\t\t\t<div id=\"elementor-tab-title-1654\" class=\"elementor-tab-title\" data-tab=\"4\" role=\"button\" aria-controls=\"elementor-tab-content-1654\" aria-expanded=\"false\">\n\t\t\t\t\t\t\t\t\t\t\t\t\t<span class=\"elementor-accordion-icon elementor-accordion-icon-left\" aria-hidden=\"true\">\n\t\t\t\t\t\t\t\t\t\t\t\t\t\t\t<span class=\"elementor-accordion-icon-closed\"><svg class=\"e-font-icon-svg e-fas-plus\" viewBox=\"0 0 448 512\" xmlns=\"http:\/\/www.w3.org\/2000\/svg\"><path d=\"M416 208H272V64c0-17.67-14.33-32-32-32h-32c-17.67 0-32 14.33-32 32v144H32c-17.67 0-32 14.33-32 32v32c0 17.67 14.33 32 32 32h144v144c0 17.67 14.33 32 32 32h32c17.67 0 32-14.33 32-32V304h144c17.67 0 32-14.33 32-32v-32c0-17.67-14.33-32-32-32z\"><\/path><\/svg><\/span>\n\t\t\t\t\t\t\t\t<span class=\"elementor-accordion-icon-opened\"><svg class=\"e-font-icon-svg e-fas-minus\" viewBox=\"0 0 448 512\" xmlns=\"http:\/\/www.w3.org\/2000\/svg\"><path d=\"M416 208H32c-17.67 0-32 14.33-32 32v32c0 17.67 14.33 32 32 32h384c17.67 0 32-14.33 32-32v-32c0-17.67-14.33-32-32-32z\"><\/path><\/svg><\/span>\n\t\t\t\t\t\t\t\t\t\t\t\t\t\t<\/span>\n\t\t\t\t\t\t\t\t\t\t\t\t<a class=\"elementor-accordion-title\" tabindex=\"0\">Was ist vor der Operation zu tun?<\/a>\n\t\t\t\t\t<\/div>\n\t\t\t\t\t<div id=\"elementor-tab-content-1654\" class=\"elementor-tab-content elementor-clearfix\" data-tab=\"4\" role=\"region\" aria-labelledby=\"elementor-tab-title-1654\"><p>Wenn Sie fr\u00fcher eine lebenswichtige Krankheit hatten, sich einer Operation unterzogen haben oder regelm\u00e4\u00dfig Medikamente einnehmen, sollten Sie Ihren Arzt dar\u00fcber informieren. Wenn Sie blutverd\u00fcnnende Medikamente wie Aspirin einnehmen, m\u00fcssen Sie diese vor der Operation absetzen. Wenn die Operation beschlossen und ein Termin f\u00fcr die Operation vereinbart ist, wird mit der Einnahme von Medikamenten begonnen, um \u00d6deme (Schwellungen) und Bluterg\u00fcsse an der Operationsstelle zu verhindern. Vor der Operation werden in dem Krankenhaus, in dem Sie operiert werden, Tests durchgef\u00fchrt.<\/p>\n<\/div>\n\t\t\t\t<\/div>\n\t\t\t\t\t\t\t<div class=\"elementor-accordion-item\">\n\t\t\t\t\t<div id=\"elementor-tab-title-1655\" class=\"elementor-tab-title\" data-tab=\"5\" role=\"button\" aria-controls=\"elementor-tab-content-1655\" aria-expanded=\"false\">\n\t\t\t\t\t\t\t\t\t\t\t\t\t<span class=\"elementor-accordion-icon elementor-accordion-icon-left\" aria-hidden=\"true\">\n\t\t\t\t\t\t\t\t\t\t\t\t\t\t\t<span class=\"elementor-accordion-icon-closed\"><svg class=\"e-font-icon-svg e-fas-plus\" viewBox=\"0 0 448 512\" xmlns=\"http:\/\/www.w3.org\/2000\/svg\"><path d=\"M416 208H272V64c0-17.67-14.33-32-32-32h-32c-17.67 0-32 14.33-32 32v144H32c-17.67 0-32 14.33-32 32v32c0 17.67 14.33 32 32 32h144v144c0 17.67 14.33 32 32 32h32c17.67 0 32-14.33 32-32V304h144c17.67 0 32-14.33 32-32v-32c0-17.67-14.33-32-32-32z\"><\/path><\/svg><\/span>\n\t\t\t\t\t\t\t\t<span class=\"elementor-accordion-icon-opened\"><svg class=\"e-font-icon-svg e-fas-minus\" viewBox=\"0 0 448 512\" xmlns=\"http:\/\/www.w3.org\/2000\/svg\"><path d=\"M416 208H32c-17.67 0-32 14.33-32 32v32c0 17.67 14.33 32 32 32h384c17.67 0 32-14.33 32-32v-32c0-17.67-14.33-32-32-32z\"><\/path><\/svg><\/span>\n\t\t\t\t\t\t\t\t\t\t\t\t\t\t<\/span>\n\t\t\t\t\t\t\t\t\t\t\t\t<a class=\"elementor-accordion-title\" tabindex=\"0\">Was sollte man \u00fcber An\u00e4sthesie wissen?<\/a>\n\t\t\t\t\t<\/div>\n\t\t\t\t\t<div id=\"elementor-tab-content-1655\" class=\"elementor-tab-content elementor-clearfix\" data-tab=\"5\" role=\"region\" aria-labelledby=\"elementor-tab-title-1655\"><p>Vor der Operation im Genitalbereich werden Sie von einem Narkosearzt untersucht und aufgekl\u00e4rt. Blutverd\u00fcnnende Medikamente, Vitamine und Faktoren, die die Narkose beeinflussen, wie Alkohol und Rauchen, sollten ab dem von Ihrem Arzt vorgesehenen Datum abgesetzt werden.<\/p>\n<\/div>\n\t\t\t\t<\/div>\n\t\t\t\t\t\t\t\t<\/div>\n\t\t\t\t\t\t<\/div>\n\t\t\t\t<\/div>\n\t\t\t\t<\/div>\n\t\t\t\t\t<\/div>\n\t\t\t\t<\/div>\n\t\t\t\t<\/div>\n\t\t","protected":false},"excerpt":{"rendered":"<p>Was ist Genitalchirurgie f\u00fcr M\u00e4nner? Die \u00e4sthetische Genitalchirurgie f\u00fcr M\u00e4nner, auch kosmetische Genitalchirurgie oder Genitalverj\u00fcngung genannt, umfasst verschiedene chirurgische Verfahren zur Verbesserung des Aussehens und der Funktion der m\u00e4nnlichen Genitalien. Diese Eingriffe werden in der Regel von qualifizierten Urologen, plastischen Chirurgen oder spezialisierten Genitalchirurgen durchgef\u00fchrt und k\u00f6nnen \u00e4sthetische Bedenken, funktionelle Probleme oder medizinische Erkrankungen behandeln. [&hellip;]<\/p>\n","protected":false},"author":1,"featured_media":0,"parent":16797,"menu_order":0,"comment_status":"closed","ping_status":"closed","template":"","meta":{"_themeisle_gutenberg_block_has_review":false,"footnotes":""},"class_list":["post-16651","page","type-page","status-publish","hentry"],"_links":{"self":[{"href":"http:\/\/www.istanbulaestheticcenter.com\/de\/wp-json\/wp\/v2\/pages\/16651","targetHints":{"allow":["GET"]}}],"collection":[{"href":"http:\/\/www.istanbulaestheticcenter.com\/de\/wp-json\/wp\/v2\/pages"}],"about":[{"href":"http:\/\/www.istanbulaestheticcenter.com\/de\/wp-json\/wp\/v2\/types\/page"}],"author":[{"embeddable":true,"href":"http:\/\/www.istanbulaestheticcenter.com\/de\/wp-json\/wp\/v2\/users\/1"}],"replies":[{"embeddable":true,"href":"http:\/\/www.istanbulaestheticcenter.com\/de\/wp-json\/wp\/v2\/comments?post=16651"}],"version-history":[{"count":1,"href":"http:\/\/www.istanbulaestheticcenter.com\/de\/wp-json\/wp\/v2\/pages\/16651\/revisions"}],"predecessor-version":[{"id":16652,"href":"http:\/\/www.istanbulaestheticcenter.com\/de\/wp-json\/wp\/v2\/pages\/16651\/revisions\/16652"}],"up":[{"embeddable":true,"href":"http:\/\/www.istanbulaestheticcenter.com\/de\/wp-json\/wp\/v2\/pages\/16797"}],"wp:attachment":[{"href":"http:\/\/www.istanbulaestheticcenter.com\/de\/wp-json\/wp\/v2\/media?parent=16651"}],"curies":[{"name":"wp","href":"https:\/\/api.w.org\/{rel}","templated":true}]}}