{"id":16611,"date":"2024-04-20T16:57:55","date_gmt":"2024-04-20T13:57:55","guid":{"rendered":"https:\/\/www.istanbulaestheticcenter.com\/leichte-auffuellung\/"},"modified":"2024-04-29T21:49:57","modified_gmt":"2024-04-29T18:49:57","slug":"leichte-auffuellung","status":"publish","type":"page","link":"http:\/\/www.istanbulaestheticcenter.com\/de\/medizinisch-aesthetik\/leichte-auffuellung\/","title":{"rendered":"Leichte Auff\u00fcllung"},"content":{"rendered":"\t\t<div data-elementor-type=\"wp-page\" data-elementor-id=\"16611\" class=\"elementor elementor-16611 elementor-13410\">\n\t\t\t\t<div class=\"elementor-element elementor-element-e9f0f8c e-flex e-con-boxed e-con e-parent\" data-id=\"e9f0f8c\" data-element_type=\"container\">\n\t\t\t\t\t<div class=\"e-con-inner\">\n\t\t<div class=\"elementor-element elementor-element-b0db3b0 e-flex e-con-boxed e-con e-child\" data-id=\"b0db3b0\" data-element_type=\"container\">\n\t\t\t\t\t<div class=\"e-con-inner\">\n\t\t\t\t<div class=\"elementor-element elementor-element-3618527 elementor-widget elementor-widget-image\" data-id=\"3618527\" data-element_type=\"widget\" data-widget_type=\"image.default\">\n\t\t\t\t<div class=\"elementor-widget-container\">\n\t\t\t\t\t\t\t\t\t\t\t\t\t\t\t<img fetchpriority=\"high\" decoding=\"async\" width=\"1024\" height=\"525\" src=\"http:\/\/www.istanbulaestheticcenter.com\/wp-content\/uploads\/2024\/04\/light-filing-1024x525.jpg\" class=\"attachment-large size-large wp-image-16139\" alt=\"\" srcset=\"http:\/\/www.istanbulaestheticcenter.com\/wp-content\/uploads\/2024\/04\/light-filing-1024x525.jpg 1024w, http:\/\/www.istanbulaestheticcenter.com\/wp-content\/uploads\/2024\/04\/light-filing-300x154.jpg 300w, http:\/\/www.istanbulaestheticcenter.com\/wp-content\/uploads\/2024\/04\/light-filing-768x394.jpg 768w, http:\/\/www.istanbulaestheticcenter.com\/wp-content\/uploads\/2024\/04\/light-filing-1000x513.jpg 1000w, http:\/\/www.istanbulaestheticcenter.com\/wp-content\/uploads\/2024\/04\/light-filing-1110x570.jpg 1110w, http:\/\/www.istanbulaestheticcenter.com\/wp-content\/uploads\/2024\/04\/light-filing.jpg 1120w\" sizes=\"(max-width: 1024px) 100vw, 1024px\" \/>\t\t\t\t\t\t\t\t\t\t\t\t\t\t\t<\/div>\n\t\t\t\t<\/div>\n\t\t\t\t\t<\/div>\n\t\t\t\t<\/div>\n\t\t\t\t\t<\/div>\n\t\t\t\t<\/div>\n\t\t<div class=\"elementor-element elementor-element-3f7c041 e-flex e-con-boxed e-con e-parent\" data-id=\"3f7c041\" data-element_type=\"container\">\n\t\t\t\t\t<div class=\"e-con-inner\">\n\t\t<div class=\"elementor-element elementor-element-50bb1f7 e-con-full e-flex e-con e-child\" data-id=\"50bb1f7\" data-element_type=\"container\">\n\t\t\t\t<div class=\"elementor-element elementor-element-1fc6a50 elementor-widget elementor-widget-heading\" data-id=\"1fc6a50\" data-element_type=\"widget\" data-widget_type=\"heading.default\">\n\t\t\t\t<div class=\"elementor-widget-container\">\n\t\t\t\t\t<h2 class=\"elementor-heading-title elementor-size-default\">Leichte Auff\u00fcllung<\/h2>\t\t\t\t<\/div>\n\t\t\t\t<\/div>\n\t\t\t\t<\/div>\n\t\t\t\t\t<\/div>\n\t\t\t\t<\/div>\n\t\t<div class=\"elementor-element elementor-element-6c61f6a e-flex e-con-boxed e-con e-parent\" data-id=\"6c61f6a\" data-element_type=\"container\">\n\t\t\t\t\t<div class=\"e-con-inner\">\n\t\t<div class=\"elementor-element elementor-element-ff38a62 e-con-full e-flex e-con e-child\" data-id=\"ff38a62\" data-element_type=\"container\">\n\t\t\t\t<div class=\"elementor-element elementor-element-2e58aa8 elementor-widget elementor-widget-text-editor\" data-id=\"2e58aa8\" data-element_type=\"widget\" data-widget_type=\"text-editor.default\">\n\t\t\t\t<div class=\"elementor-widget-container\">\n\t\t\t\t\t\t\t\t\t<p>&#8222;Light Filling&#8220; bezieht sich im Zusammenhang mit kosmetischen Eingriffen im Allgemeinen auf eine minimal-invasive Technik, mit der dem Gesicht Volumen hinzugef\u00fcgt und das Erscheinungsbild von Falten, F\u00e4ltchen oder Hohlr\u00e4umen reduziert wird. Dabei werden in der Regel Dermalf\u00fcller verwendet, bei denen es sich um injizierbare Substanzen handelt, die die Haut aufpolstern und verlorenes Volumen wiederherstellen sollen.<\/p>\n<p>Hier finden Sie einen \u00dcberblick \u00fcber die leichte Auff\u00fcllung mit Dermal Fillern:<\/p>\n<ol>\n<li>\n<p><strong>Konsultation<\/strong>: Vor dem Eingriff wird der Patient von einem qualifizierten Sch\u00f6nheitschirurgen oder Dermatologen beraten. W\u00e4hrend dieser Beratung wird der Arzt die Gesichtsanatomie des Patienten beurteilen, seine Ziele und Anliegen besprechen und feststellen, ob eine Lichtauff\u00fcllung mit Dermalf\u00fcllern eine geeignete Behandlungsoption ist.<\/p>\n<\/li>\n<li>\n<p><strong>Auswahl der Dermalf\u00fcller:<\/strong> Es gibt verschiedene Arten von Dermalfillern, die jeweils ihre eigenen Eigenschaften und Indikationen haben. F\u00fcr leichte Auff\u00fcllungen werden in der Regel Filler auf Hyalurons\u00e4urebasis verwendet, da sie Feuchtigkeit anziehen und speichern und so f\u00fcr ein nat\u00fcrliches und hydratisiertes Aussehen sorgen. Welcher Typ und welche Marke des F\u00fcllers gew\u00e4hlt wird, h\u00e4ngt von Faktoren wie dem zu behandelnden Bereich, der Tiefe der Falten oder Linien und den individuellen Vorlieben des Patienten ab.<\/p>\n<\/li>\n<li>\n<p><strong>Injektionstechnik<\/strong>: W\u00e4hrend des Eingriffs injiziert der Arzt mit einer feinen Nadel oder Kan\u00fcle gezielt kleine Mengen Dermalf\u00fcller in die zu behandelnden Bereiche des Gesichts. H\u00e4ufig werden die Wangen, die Schl\u00e4fen, die Augenpartie, die Nasolabialfalten (Lachfalten), die Marionettenfalten und die Lippen leicht aufgef\u00fcllt. Die Injektionen sind in der Regel schnell und relativ schmerzlos, und es ist keine An\u00e4sthesie erforderlich.<\/p>\n<\/li>\n<li>\n<p><strong>Die Ergebnisse<\/strong>: Die Wirkung einer leichten Auff\u00fcllung mit Dermal Fillern tritt in der Regel sofort ein und f\u00fchrt zu einer sp\u00fcrbaren Verbesserung des Volumens und der Gl\u00e4tte in den behandelten Bereichen. An den Einstichstellen kann es zu leichten Schwellungen, R\u00f6tungen oder Bluterg\u00fcssen kommen, die in der Regel innerhalb weniger Tage abklingen. Die Ergebnisse einer leichten Auff\u00fcllung k\u00f6nnen mehrere Monate bis zu einem Jahr oder l\u00e4nger anhalten, abh\u00e4ngig von der Art des verwendeten Fillers und individuellen Faktoren wie Stoffwechsel und Lebensgewohnheiten.<\/p>\n<\/li>\n<\/ol>\n\t\t\t\t\t\t\t\t<\/div>\n\t\t\t\t<\/div>\n\t\t\t\t<\/div>\n\t\t<div class=\"elementor-element elementor-element-6ece47f e-con-full e-flex e-con e-child\" data-id=\"6ece47f\" data-element_type=\"container\">\n\t\t\t\t<div class=\"elementor-element elementor-element-fafeb30 elementor-widget elementor-widget-text-editor\" data-id=\"fafeb30\" data-element_type=\"widget\" data-widget_type=\"text-editor.default\">\n\t\t\t\t<div class=\"elementor-widget-container\">\n\t\t\t\t\t\t\t\t\t<p>Light Filling mit Dermal Fillern ist eine sichere und wirksame Behandlung zur Verj\u00fcngung des Gesichts und zur Verbesserung der Gesichtskonturen, ohne dass ein chirurgischer Eingriff oder Ausfallzeiten erforderlich sind. Sie kann zu einem erfrischten, jugendlicheren Aussehen beitragen, indem sie verlorenes Volumen wiederherstellt und das Erscheinungsbild feiner Linien und Falten mildert. Eine leichte Auff\u00fcllung mit Dermalf\u00fcllern sollte jedoch unbedingt von einem qualifizierten und erfahrenen Anbieter durchgef\u00fchrt werden, um das bestm\u00f6gliche Ergebnis zu erzielen und das Risiko von Komplikationen zu minimieren. Seri\u00f6se Kliniken, die sich auf kosmetische Verfahren spezialisiert haben, wie das <strong> Istanbul Aesthetic Center (IAC)<\/strong>, k\u00f6nnen Ihnen zus\u00e4tzliche Sicherheit und Ruhe w\u00e4hrend Ihrer Behandlung bieten.<\/p>\n\t\t\t\t\t\t\t\t<\/div>\n\t\t\t\t<\/div>\n\t\t\t\t<div class=\"elementor-element elementor-element-dbbdc3e elementor-widget elementor-widget-image\" data-id=\"dbbdc3e\" data-element_type=\"widget\" data-widget_type=\"image.default\">\n\t\t\t\t<div class=\"elementor-widget-container\">\n\t\t\t\t\t\t\t\t\t\t\t\t\t\t\t<img decoding=\"async\" width=\"1024\" height=\"1024\" src=\"http:\/\/www.istanbulaestheticcenter.com\/wp-content\/uploads\/2024\/04\/light-filling-2.jpg\" class=\"attachment-large size-large wp-image-16146\" alt=\"\" srcset=\"http:\/\/www.istanbulaestheticcenter.com\/wp-content\/uploads\/2024\/04\/light-filling-2.jpg 1024w, http:\/\/www.istanbulaestheticcenter.com\/wp-content\/uploads\/2024\/04\/light-filling-2-300x300.jpg 300w, http:\/\/www.istanbulaestheticcenter.com\/wp-content\/uploads\/2024\/04\/light-filling-2-150x150.jpg 150w, http:\/\/www.istanbulaestheticcenter.com\/wp-content\/uploads\/2024\/04\/light-filling-2-768x768.jpg 768w, http:\/\/www.istanbulaestheticcenter.com\/wp-content\/uploads\/2024\/04\/light-filling-2-720x720.jpg 720w\" sizes=\"(max-width: 1024px) 100vw, 1024px\" \/>\t\t\t\t\t\t\t\t\t\t\t\t\t\t\t<\/div>\n\t\t\t\t<\/div>\n\t\t\t\t<\/div>\n\t\t\t\t\t<\/div>\n\t\t\t\t<\/div>\n\t\t\t\t<\/div>\n\t\t","protected":false},"excerpt":{"rendered":"<p>Leichte Auff\u00fcllung &#8222;Light Filling&#8220; bezieht sich im Zusammenhang mit kosmetischen Eingriffen im Allgemeinen auf eine minimal-invasive Technik, mit der dem Gesicht Volumen hinzugef\u00fcgt und das Erscheinungsbild von Falten, F\u00e4ltchen oder Hohlr\u00e4umen reduziert wird. Dabei werden in der Regel Dermalf\u00fcller verwendet, bei denen es sich um injizierbare Substanzen handelt, die die Haut aufpolstern und verlorenes Volumen [&hellip;]<\/p>\n","protected":false},"author":1,"featured_media":0,"parent":16929,"menu_order":0,"comment_status":"closed","ping_status":"closed","template":"","meta":{"_themeisle_gutenberg_block_has_review":false,"footnotes":""},"class_list":["post-16611","page","type-page","status-publish","hentry"],"_links":{"self":[{"href":"http:\/\/www.istanbulaestheticcenter.com\/de\/wp-json\/wp\/v2\/pages\/16611","targetHints":{"allow":["GET"]}}],"collection":[{"href":"http:\/\/www.istanbulaestheticcenter.com\/de\/wp-json\/wp\/v2\/pages"}],"about":[{"href":"http:\/\/www.istanbulaestheticcenter.com\/de\/wp-json\/wp\/v2\/types\/page"}],"author":[{"embeddable":true,"href":"http:\/\/www.istanbulaestheticcenter.com\/de\/wp-json\/wp\/v2\/users\/1"}],"replies":[{"embeddable":true,"href":"http:\/\/www.istanbulaestheticcenter.com\/de\/wp-json\/wp\/v2\/comments?post=16611"}],"version-history":[{"count":1,"href":"http:\/\/www.istanbulaestheticcenter.com\/de\/wp-json\/wp\/v2\/pages\/16611\/revisions"}],"predecessor-version":[{"id":16612,"href":"http:\/\/www.istanbulaestheticcenter.com\/de\/wp-json\/wp\/v2\/pages\/16611\/revisions\/16612"}],"up":[{"embeddable":true,"href":"http:\/\/www.istanbulaestheticcenter.com\/de\/wp-json\/wp\/v2\/pages\/16929"}],"wp:attachment":[{"href":"http:\/\/www.istanbulaestheticcenter.com\/de\/wp-json\/wp\/v2\/media?parent=16611"}],"curies":[{"name":"wp","href":"https:\/\/api.w.org\/{rel}","templated":true}]}}