{"id":16283,"date":"2024-04-20T18:49:46","date_gmt":"2024-04-20T15:49:46","guid":{"rendered":"https:\/\/www.istanbulaestheticcenter.com\/augenbrauentransplantation\/"},"modified":"2024-04-29T21:57:53","modified_gmt":"2024-04-29T18:57:53","slug":"augenbrauentransplantation","status":"publish","type":"page","link":"http:\/\/www.istanbulaestheticcenter.com\/de\/haartransplantation-2\/augenbrauentransplantation\/","title":{"rendered":"Augenbrauentransplantation"},"content":{"rendered":"\t\t<div data-elementor-type=\"wp-page\" data-elementor-id=\"16283\" class=\"elementor elementor-16283 elementor-13544\">\n\t\t\t\t<div class=\"elementor-element elementor-element-fe95cfc e-flex e-con-boxed e-con e-parent\" data-id=\"fe95cfc\" data-element_type=\"container\">\n\t\t\t\t\t<div class=\"e-con-inner\">\n\t\t\t\t<div class=\"elementor-element elementor-element-d1094a1 elementor-widget elementor-widget-image\" data-id=\"d1094a1\" data-element_type=\"widget\" data-widget_type=\"image.default\">\n\t\t\t\t<div class=\"elementor-widget-container\">\n\t\t\t\t\t\t\t\t\t\t\t\t\t\t\t<img fetchpriority=\"high\" decoding=\"async\" width=\"1024\" height=\"525\" src=\"http:\/\/www.istanbulaestheticcenter.com\/wp-content\/uploads\/2024\/04\/eyeborrow-1024x525.jpg\" class=\"attachment-large size-large wp-image-16132\" alt=\"\" srcset=\"http:\/\/www.istanbulaestheticcenter.com\/wp-content\/uploads\/2024\/04\/eyeborrow-1024x525.jpg 1024w, http:\/\/www.istanbulaestheticcenter.com\/wp-content\/uploads\/2024\/04\/eyeborrow-300x154.jpg 300w, http:\/\/www.istanbulaestheticcenter.com\/wp-content\/uploads\/2024\/04\/eyeborrow-768x394.jpg 768w, http:\/\/www.istanbulaestheticcenter.com\/wp-content\/uploads\/2024\/04\/eyeborrow-1000x513.jpg 1000w, http:\/\/www.istanbulaestheticcenter.com\/wp-content\/uploads\/2024\/04\/eyeborrow-1110x570.jpg 1110w, http:\/\/www.istanbulaestheticcenter.com\/wp-content\/uploads\/2024\/04\/eyeborrow.jpg 1120w\" sizes=\"(max-width: 1024px) 100vw, 1024px\" \/>\t\t\t\t\t\t\t\t\t\t\t\t\t\t\t<\/div>\n\t\t\t\t<\/div>\n\t\t\t\t\t<\/div>\n\t\t\t\t<\/div>\n\t\t<div class=\"elementor-element elementor-element-cbc25af e-flex e-con-boxed e-con e-parent\" data-id=\"cbc25af\" data-element_type=\"container\">\n\t\t\t\t\t<div class=\"e-con-inner\">\n\t\t<div class=\"elementor-element elementor-element-ecadbfc e-flex e-con-boxed e-con e-child\" data-id=\"ecadbfc\" data-element_type=\"container\">\n\t\t\t\t\t<div class=\"e-con-inner\">\n\t\t\t\t<div class=\"elementor-element elementor-element-cdabcd8 elementor-widget elementor-widget-heading\" data-id=\"cdabcd8\" data-element_type=\"widget\" data-widget_type=\"heading.default\">\n\t\t\t\t<div class=\"elementor-widget-container\">\n\t\t\t\t\t<h2 class=\"elementor-heading-title elementor-size-default\">Augenbrauentransplantation<\/h2>\t\t\t\t<\/div>\n\t\t\t\t<\/div>\n\t\t\t\t\t<\/div>\n\t\t\t\t<\/div>\n\t\t\t\t\t<\/div>\n\t\t\t\t<\/div>\n\t\t<div class=\"elementor-element elementor-element-02db0e2 e-flex e-con-boxed e-con e-parent\" data-id=\"02db0e2\" data-element_type=\"container\">\n\t\t\t\t\t<div class=\"e-con-inner\">\n\t\t\t\t<div class=\"elementor-element elementor-element-4b6ee33 elementor-widget elementor-widget-text-editor\" data-id=\"4b6ee33\" data-element_type=\"widget\" data-widget_type=\"text-editor.default\">\n\t\t\t\t<div class=\"elementor-widget-container\">\n\t\t\t\t\t\t\t\t\t<p>Die Augenbrauentransplantation ist ein kosmetisch-chirurgischer Eingriff zur Wiederherstellung oder Verbesserung des Aussehens der Augenbrauen durch die Verpflanzung von Haarfollikeln aus anderen K\u00f6rperregionen in die Augenbrauen. Dieses Verfahren wird in der Regel von Personen in Anspruch genommen, deren Augenbrauen aufgrund genetischer Veranlagung, \u00fcberm\u00e4\u00dfigen Zupfens, eines Traumas, medizinischer Erkrankungen oder des Alterns d\u00fcnner oder sp\u00e4rlicher werden.<\/p>\n\t\t\t\t\t\t\t\t<\/div>\n\t\t\t\t<\/div>\n\t\t\t\t\t<\/div>\n\t\t\t\t<\/div>\n\t\t<div class=\"elementor-element elementor-element-a93cd01 e-grid e-con-boxed e-con e-parent\" data-id=\"a93cd01\" data-element_type=\"container\">\n\t\t\t\t\t<div class=\"e-con-inner\">\n\t\t\t\t<div class=\"elementor-element elementor-element-2734692 elementor-widget elementor-widget-text-editor\" data-id=\"2734692\" data-element_type=\"widget\" data-widget_type=\"text-editor.default\">\n\t\t\t\t<div class=\"elementor-widget-container\">\n\t\t\t\t\t\t\t\t\t<p>Hier finden Sie einen \u00dcberblick dar\u00fcber, wie eine Augenbrauentransplantation normalerweise durchgef\u00fchrt wird:<\/p>\n<ol>\n<li>\n<p><strong>Konsultation<\/strong>: Vor dem Eingriff findet ein Beratungsgespr\u00e4ch mit einem qualifizierten Chirurgen statt, in dem die Ziele, Erwartungen und die medizinische Vorgeschichte des Patienten besprochen werden. Der Chirurg beurteilt die Anatomie der Augenbrauen, das Haarausfallmuster und das gew\u00fcnschte Ergebnis, um festzustellen, ob der Patient f\u00fcr eine Augenbrauentransplantation in Frage kommt.<\/p>\n<\/li>\n<li>\n<p><strong>Entnahme von Spenderhaar:<\/strong> Die Haarfollikel f\u00fcr die Augenbrauentransplantation werden in der Regel aus dem hinteren Teil der Kopfhaut entnommen, der aufgrund der \u00c4hnlichkeit der Haarstruktur und -qualit\u00e4t mit dem Augenbrauenhaar die h\u00e4ufigste Spenderstelle ist. In einigen F\u00e4llen k\u00f6nnen die Haare auch an anderen K\u00f6rperstellen, wie den Beinen oder Armen, entnommen werden.<\/p>\n<\/li>\n<li>\n<p><strong>Vorbereitung der Haarfollikel:<\/strong> Die entnommenen Haarfollikel werden unter dem Mikroskop sorgf\u00e4ltig seziert, um einzelne Follikeleinheiten mit jeweils ein bis drei Haaren zu isolieren. Dadurch wird sichergestellt, dass die transplantierten Haare das nat\u00fcrliche Wachstumsmuster der Augenbrauenhaare genau nachahmen.<\/p>\n<\/li>\n<li>\n<p><strong>Vorbereitung der Empf\u00e4ngerstelle<\/strong>: Der Chirurg zeichnet die gew\u00fcnschte Augenbrauenform und -gestaltung sorgf\u00e4ltig mit einem chirurgischen Marker auf der Haut des Patienten vor. Anschlie\u00dfend werden winzige Schnitte im Augenbrauenbereich gesetzt, in die die Haarfollikel verpflanzt werden, wobei Faktoren wie Haarrichtung, Dichte und Wachstumswinkel ber\u00fccksichtigt werden.<\/p>\n<\/li>\n<li>\n<p><strong>Haartransplantation<\/strong>: Die vorbereiteten Haarfollikel werden mit speziellen Instrumenten sorgf\u00e4ltig in die Empf\u00e4ngerstellen in den Augenbrauen verpflanzt. Der Chirurg achtet genau auf die nat\u00fcrliche Kr\u00fcmmung und Ausrichtung der vorhandenen Augenbrauenhaare, um ein nahtloses und nat\u00fcrlich wirkendes Ergebnis zu erzielen.<\/p>\n<\/li>\n<li>\n<p><strong>Pflege nach der Transplantation<\/strong>: Nach dem Eingriff erhalten die Patienten postoperative Anweisungen und Pflegerichtlinien, um die Heilung zu f\u00f6rdern und das Ergebnis zu optimieren. Es kann zu leichten Schwellungen, R\u00f6tungen oder Schorfbildung an der transplantierten Stelle kommen, die in der Regel innerhalb weniger Tage bis Wochen abklingen.<\/p>\n<\/li>\n<li>\n<p><strong>Ergebnisse<\/strong>: Im Laufe der Zeit werden die transplantierten Haarfollikel allm\u00e4hlich mit Blut versorgt und beginnen, neue Haare zu bilden. Es kann einige Monate dauern, bis das volle Ergebnis der Augenbrauentransplantation sichtbar wird, da die transplantierten Haare den nat\u00fcrlichen Haarwachstumszyklus durchlaufen.<\/p>\n<\/li>\n<\/ol>\n\t\t\t\t\t\t\t\t<\/div>\n\t\t\t\t<\/div>\n\t\t<div class=\"elementor-element elementor-element-22dbff5 e-flex e-con-boxed e-con e-child\" data-id=\"22dbff5\" data-element_type=\"container\">\n\t\t\t\t\t<div class=\"e-con-inner\">\n\t\t\t\t<div class=\"elementor-element elementor-element-7b30251 elementor-widget elementor-widget-text-editor\" data-id=\"7b30251\" data-element_type=\"widget\" data-widget_type=\"text-editor.default\">\n\t\t\t\t<div class=\"elementor-widget-container\">\n\t\t\t\t\t\t\t\t\t<p>Eine Augenbrauentransplantation kann das Erscheinungsbild sp\u00e4rlicher oder d\u00fcnner werdender Augenbrauen deutlich verbessern und den Augenbrauen eine jugendlichere und \u00e4sthetischere Form und Dichte verleihen. Es ist jedoch wichtig, einen qualifizierten Chirurgen zu konsultieren, der auf Haartransplantation spezialisiert ist, um das bestm\u00f6gliche Ergebnis zu erzielen. Seri\u00f6se Einrichtungen mit Erfahrung in der Augenbrauentransplantation, wie das <strong>Istanbul Aesthetic Center (IAC)<\/strong>, k\u00f6nnen Ihnen w\u00e4hrend Ihrer kosmetischen Behandlung zus\u00e4tzliche Sicherheit und Ruhe bieten.<\/p>\n\t\t\t\t\t\t\t\t<\/div>\n\t\t\t\t<\/div>\n\t\t\t\t<div class=\"elementor-element elementor-element-f957b91 elementor-widget elementor-widget-beforeafter\" data-id=\"f957b91\" data-element_type=\"widget\" data-widget_type=\"beforeafter.default\">\n\t\t\t\t<div class=\"elementor-widget-container\">\n\t\t\t\t\t\n\n<style>\n  \n#nd_elements_beforeafter_component_569 img { float:left; width:100%; }\n\n#nd_elements_beforeafter_component_569 { \nfloat: left;\nwidth: 100% !important;\nmargin: 0px !important;\npadding: 0px !important;\nposition: relative;\n}\n\n#nd_elements_beforeafter_component_569 .ui-slider-range {\nbackground-image: url(\"http:\/\/www.istanbulaestheticcenter.com\/wp-content\/uploads\/2024\/04\/eyeborrow-before.jpg\");\nbackground-color: #000;\nz-index: 9;\nposition: absolute;\nheight: 100%;\nbackground-repeat: no-repeat;\nbackground-size: cover;\n}\n\n#nd_elements_beforeafter_component_569 .ui-slider-handle {\nbackground-color: #000;\nwidth: 4px;\nposition: absolute;\nheight: 100%;\noutline: 0px;\ncursor: ew-resize;  \n}\n\n#nd_elements_beforeafter_component_569 .ui-slider-handle:after {\ncontent: \"\";\nwidth: 40px;\nheight: 40px;\nbackground-color: #ccc;\nposition: absolute;\ntop: 50%;\nmargin-top: -20px;\nmargin-left: -18px;\nz-index: 9;\nborder-radius: 100%;\nbackground-image:url(\"http:\/\/www.istanbulaestheticcenter.com\/wp-content\/uploads\/2022\/09\/arrows.png\");\nbackground-size: 30px;\nbackground-position: center;\nbackground-repeat: no-repeat;\n}\n\n<\/style>\n\n\n<script>\njQuery( function() {\n\njQuery( \"#nd_elements_beforeafter_component_569\" ).slider({\n  value: 50,\n  orientation: \"horizontal\",\n  range: \"min\",\n  animate: true\n});\n\n} );\n<\/script>\n\n\n<div class=\"nd_elements_section nd_elements_beforeafter_component\">\n\n\t<div class=\"nd_elements_section\">\n\t\t<div id=\"nd_elements_beforeafter_component_569\">\n\t\t\t<img decoding=\"async\" src=\"http:\/\/www.istanbulaestheticcenter.com\/wp-content\/uploads\/2024\/04\/eyeborrow-after.jpg\">\n\t\t<\/div>\n\t<\/div>\n\t\n<\/div>\t\t\t\t<\/div>\n\t\t\t\t<\/div>\n\t\t\t\t\t<\/div>\n\t\t\t\t<\/div>\n\t\t\t\t\t<\/div>\n\t\t\t\t<\/div>\n\t\t\t\t<\/div>\n\t\t","protected":false},"excerpt":{"rendered":"<p>Augenbrauentransplantation Die Augenbrauentransplantation ist ein kosmetisch-chirurgischer Eingriff zur Wiederherstellung oder Verbesserung des Aussehens der Augenbrauen durch die Verpflanzung von Haarfollikeln aus anderen K\u00f6rperregionen in die Augenbrauen. Dieses Verfahren wird in der Regel von Personen in Anspruch genommen, deren Augenbrauen aufgrund genetischer Veranlagung, \u00fcberm\u00e4\u00dfigen Zupfens, eines Traumas, medizinischer Erkrankungen oder des Alterns d\u00fcnner oder sp\u00e4rlicher werden. [&hellip;]<\/p>\n","protected":false},"author":1,"featured_media":0,"parent":16950,"menu_order":0,"comment_status":"closed","ping_status":"closed","template":"","meta":{"_themeisle_gutenberg_block_has_review":false,"footnotes":""},"class_list":["post-16283","page","type-page","status-publish","hentry"],"_links":{"self":[{"href":"http:\/\/www.istanbulaestheticcenter.com\/de\/wp-json\/wp\/v2\/pages\/16283","targetHints":{"allow":["GET"]}}],"collection":[{"href":"http:\/\/www.istanbulaestheticcenter.com\/de\/wp-json\/wp\/v2\/pages"}],"about":[{"href":"http:\/\/www.istanbulaestheticcenter.com\/de\/wp-json\/wp\/v2\/types\/page"}],"author":[{"embeddable":true,"href":"http:\/\/www.istanbulaestheticcenter.com\/de\/wp-json\/wp\/v2\/users\/1"}],"replies":[{"embeddable":true,"href":"http:\/\/www.istanbulaestheticcenter.com\/de\/wp-json\/wp\/v2\/comments?post=16283"}],"version-history":[{"count":1,"href":"http:\/\/www.istanbulaestheticcenter.com\/de\/wp-json\/wp\/v2\/pages\/16283\/revisions"}],"predecessor-version":[{"id":16284,"href":"http:\/\/www.istanbulaestheticcenter.com\/de\/wp-json\/wp\/v2\/pages\/16283\/revisions\/16284"}],"up":[{"embeddable":true,"href":"http:\/\/www.istanbulaestheticcenter.com\/de\/wp-json\/wp\/v2\/pages\/16950"}],"wp:attachment":[{"href":"http:\/\/www.istanbulaestheticcenter.com\/de\/wp-json\/wp\/v2\/media?parent=16283"}],"curies":[{"name":"wp","href":"https:\/\/api.w.org\/{rel}","templated":true}]}}